{"id":2234,"date":"2022-09-19T17:51:42","date_gmt":"2022-09-19T17:51:42","guid":{"rendered":"https:\/\/transporttingis.ma\/?page_id=2234"},"modified":"2025-10-13T16:50:19","modified_gmt":"2025-10-13T16:50:19","slug":"contact-us","status":"publish","type":"page","link":"https:\/\/transporttingis.ma\/en\/contact-us\/","title":{"rendered":"Contact us"},"content":{"rendered":"\t\t<div data-elementor-type=\"wp-page\" data-elementor-id=\"2234\" class=\"elementor elementor-2234\">\n\t\t\t\t\t\t<section class=\"elementor-section elementor-top-section elementor-element elementor-element-3e009006 elementor-section-stretched elementor-section-full_width elementor-section-height-default elementor-section-height-default\" data-id=\"3e009006\" data-element_type=\"section\" data-settings=\"{&quot;stretch_section&quot;:&quot;section-stretched&quot;}\">\n\t\t\t\t\t\t<div class=\"elementor-container elementor-column-gap-no\">\n\t\t\t\t\t<div class=\"elementor-column elementor-col-100 elementor-top-column elementor-element elementor-element-1ca53f89\" data-id=\"1ca53f89\" data-element_type=\"column\">\n\t\t\t<div class=\"elementor-widget-wrap elementor-element-populated\">\n\t\t\t\t\t\t<div class=\"elementor-element elementor-element-5e9df250 elementor-widget elementor-widget-google_maps\" data-id=\"5e9df250\" data-element_type=\"widget\" data-widget_type=\"google_maps.default\">\n\t\t\t\t<div class=\"elementor-widget-container\">\n\t\t\t\t\t<div class=\"elementor-custom-embed\">\n\t\t\t<iframe loading=\"lazy\"\n\t\t\t\t\tsrc=\"https:\/\/maps.google.com\/maps?q=Groupe%20Transport%20Tingis%20-%20Transport%20personnel%20%C3%A0%20Tanger&#038;t=m&#038;z=14&#038;output=embed&#038;iwloc=near\"\n\t\t\t\t\ttitle=\"Groupe Transport Tingis - Transport personnel \u00e0 Tanger\"\n\t\t\t\t\taria-label=\"Groupe Transport Tingis - Transport personnel \u00e0 Tanger\"\n\t\t\t><\/iframe>\n\t\t<\/div>\n\t\t\t\t<\/div>\n\t\t\t\t<\/div>\n\t\t\t\t\t<\/div>\n\t\t<\/div>\n\t\t\t\t\t<\/div>\n\t\t<\/section>\n\t\t\t\t<section class=\"elementor-section elementor-top-section elementor-element elementor-element-3015f27c elementor-section-boxed elementor-section-height-default elementor-section-height-default\" data-id=\"3015f27c\" data-element_type=\"section\" data-settings=\"{&quot;background_background&quot;:&quot;classic&quot;}\">\n\t\t\t\t\t\t<div class=\"elementor-container elementor-column-gap-default\">\n\t\t\t\t\t<div class=\"elementor-column elementor-col-100 elementor-top-column elementor-element elementor-element-3613e607\" data-id=\"3613e607\" data-element_type=\"column\" data-settings=\"{&quot;background_background&quot;:&quot;classic&quot;}\">\n\t\t\t<div class=\"elementor-widget-wrap elementor-element-populated\">\n\t\t\t\t\t\t<section class=\"elementor-section elementor-inner-section elementor-element elementor-element-13173ca9 elementor-section-content-middle elementor-section-boxed elementor-section-height-default elementor-section-height-default\" data-id=\"13173ca9\" data-element_type=\"section\" data-settings=\"{&quot;background_background&quot;:&quot;classic&quot;}\">\n\t\t\t\t\t\t<div class=\"elementor-container elementor-column-gap-default\">\n\t\t\t\t\t<div class=\"elementor-column elementor-col-50 elementor-inner-column elementor-element elementor-element-aa7068f\" data-id=\"aa7068f\" data-element_type=\"column\">\n\t\t\t<div class=\"elementor-widget-wrap elementor-element-populated\">\n\t\t\t\t\t\t<div class=\"elementor-element elementor-element-46bccf0f elementor-widget elementor-widget-heading\" data-id=\"46bccf0f\" data-element_type=\"widget\" data-widget_type=\"heading.default\">\n\t\t\t\t<div class=\"elementor-widget-container\">\n\t\t\t<h2 class=\"elementor-heading-title elementor-size-default\">Our contact details<\/h2>\t\t<\/div>\n\t\t\t\t<\/div>\n\t\t\t\t<div class=\"elementor-element elementor-element-45132f0d elementor-icon-list--layout-traditional elementor-list-item-link-full_width elementor-widget elementor-widget-icon-list\" data-id=\"45132f0d\" data-element_type=\"widget\" data-widget_type=\"icon-list.default\">\n\t\t\t\t<div class=\"elementor-widget-container\">\n\t\t\t\t\t<ul class=\"elementor-icon-list-items\">\n\t\t\t\t\t\t\t<li class=\"elementor-icon-list-item\">\n\t\t\t\t\t\t\t\t\t\t\t<span class=\"elementor-icon-list-icon\">\n\t\t\t\t\t\t\t<i aria-hidden=\"true\" class=\"fas fa-map-marker-alt\"><\/i>\t\t\t\t\t\t<\/span>\n\t\t\t\t\t\t\t\t\t\t<span class=\"elementor-icon-list-text\">Residence Assedk, corner Apartment N \u00b0 47\/114 4th floor streets Lahore & Sayed Kotb Tangier<\/span>\n\t\t\t\t\t\t\t\t\t<\/li>\n\t\t\t\t\t\t\t\t<li class=\"elementor-icon-list-item\">\n\t\t\t\t\t\t\t\t\t\t\t<span class=\"elementor-icon-list-icon\">\n\t\t\t\t\t\t\t<i aria-hidden=\"true\" class=\"fas fa-envelope\"><\/i>\t\t\t\t\t\t<\/span>\n\t\t\t\t\t\t\t\t\t\t<span class=\"elementor-icon-list-text\"> info@transporttingis.ma<\/span>\n\t\t\t\t\t\t\t\t\t<\/li>\n\t\t\t\t\t\t\t\t<li class=\"elementor-icon-list-item\">\n\t\t\t\t\t\t\t\t\t\t\t<a href=\"tel:+212660452085\">\n\n\t\t\t\t\t\t\t\t\t\t\t\t<span class=\"elementor-icon-list-icon\">\n\t\t\t\t\t\t\t<i aria-hidden=\"true\" class=\"fas fa-phone\"><\/i>\t\t\t\t\t\t<\/span>\n\t\t\t\t\t\t\t\t\t\t<span class=\"elementor-icon-list-text\">+212 660 45 20 85<\/span>\n\t\t\t\t\t\t\t\t\t\t\t<\/a>\n\t\t\t\t\t\t\t\t\t<\/li>\n\t\t\t\t\t\t<\/ul>\n\t\t\t\t<\/div>\n\t\t\t\t<\/div>\n\t\t\t\t<div class=\"elementor-element elementor-element-1481b253 elementor-widget elementor-widget-heading\" data-id=\"1481b253\" data-element_type=\"widget\" data-widget_type=\"heading.default\">\n\t\t\t\t<div class=\"elementor-widget-container\">\n\t\t\t<h2 class=\"elementor-heading-title elementor-size-default\">\nOpening hours\n<\/h2>\t\t<\/div>\n\t\t\t\t<\/div>\n\t\t\t\t<div class=\"elementor-element elementor-element-cae0acd elementor-widget elementor-widget-spacer\" data-id=\"cae0acd\" data-element_type=\"widget\" data-widget_type=\"spacer.default\">\n\t\t\t\t<div class=\"elementor-widget-container\">\n\t\t\t\t\t<div class=\"elementor-spacer\">\n\t\t\t<div class=\"elementor-spacer-inner\"><\/div>\n\t\t<\/div>\n\t\t\t\t<\/div>\n\t\t\t\t<\/div>\n\t\t\t\t<div class=\"elementor-element elementor-element-2368731 elementor-widget elementor-widget-heading\" data-id=\"2368731\" data-element_type=\"widget\" data-widget_type=\"heading.default\">\n\t\t\t\t<div class=\"elementor-widget-container\">\n\t\t\t<h2 class=\"elementor-heading-title elementor-size-default\">24H\/24H - 7 days a week<\/h2>\t\t<\/div>\n\t\t\t\t<\/div>\n\t\t\t\t\t<\/div>\n\t\t<\/div>\n\t\t\t\t<div class=\"elementor-column elementor-col-50 elementor-inner-column elementor-element elementor-element-716eea78\" data-id=\"716eea78\" data-element_type=\"column\" data-settings=\"{&quot;background_background&quot;:&quot;classic&quot;}\">\n\t\t\t<div class=\"elementor-widget-wrap elementor-element-populated\">\n\t\t\t\t\t\t<div class=\"elementor-element elementor-element-3f71d465 elementor-hidden-mobile elementor-widget elementor-widget-sc-heading\" data-id=\"3f71d465\" data-element_type=\"widget\" data-widget_type=\"sc-heading.default\">\n\t\t\t\t<div class=\"elementor-widget-container\">\n\t\t\t\t\t<div id=\"wt-at-3f71d465\" class=\"headng-wrap \">\r\n\t\t\t<div class=\"section-heading\">\r\n\t\t\t\t\t\t\t\t\t\t\t<h2\t\t\t\t class=\"heading\"\t\t\t\t>\nLet's talk about your project:\n<\/h2>\r\n\t\t\t\t\t\t\t\t\t\t\t<\/div>\r\n\t\t<\/div>\r\n\r\n\t\t\t<\/div>\n\t\t\t\t<\/div>\n\t\t\t\t<div class=\"elementor-element elementor-element-6a4ebce elementor-hidden-desktop elementor-hidden-tablet elementor-widget elementor-widget-sc-heading\" data-id=\"6a4ebce\" data-element_type=\"widget\" data-widget_type=\"sc-heading.default\">\n\t\t\t\t<div class=\"elementor-widget-container\">\n\t\t\t\t\t<div id=\"wt-at-6a4ebce\" class=\"headng-wrap \">\r\n\t\t\t<div class=\"section-heading\">\r\n\t\t\t\t\t\t\t\t\t\t\t<h2\t\t\t\t class=\"heading\"\t\t\t\t>\nLet's talk about your project:\n<\/h2>\r\n\t\t\t\t\t\t\t\t\t\t\t<\/div>\r\n\t\t<\/div>\r\n\r\n\t\t\t<\/div>\n\t\t\t\t<\/div>\n\t\t\t\t<div class=\"elementor-element elementor-element-494a6250 elementor-widget elementor-widget-sc_contact_form\" data-id=\"494a6250\" data-element_type=\"widget\" data-widget_type=\"sc_contact_form.default\">\n\t\t\t\t<div class=\"elementor-widget-container\">\n\t\t\t<div class=\"wt-cf7-form\">\n<div class=\"wpcf7 no-js\" id=\"wpcf7-f452-o1\" lang=\"en-US\" dir=\"ltr\" data-wpcf7-id=\"452\">\n<div class=\"screen-reader-response\"><p role=\"status\" aria-live=\"polite\" aria-atomic=\"true\"><\/p> <ul><\/ul><\/div>\n<form action=\"\/en\/wp-json\/wp\/v2\/pages\/2234#wpcf7-f452-o1\" method=\"post\" class=\"wpcf7-form init\" aria-label=\"Contact form\" novalidate=\"novalidate\" data-status=\"init\">\n<fieldset class=\"hidden-fields-container\"><input type=\"hidden\" name=\"_wpcf7\" value=\"452\" \/><input type=\"hidden\" name=\"_wpcf7_version\" value=\"6.1.2\" \/><input type=\"hidden\" name=\"_wpcf7_locale\" value=\"en_US\" \/><input type=\"hidden\" name=\"_wpcf7_unit_tag\" value=\"wpcf7-f452-o1\" \/><input type=\"hidden\" name=\"_wpcf7_container_post\" value=\"0\" \/><input type=\"hidden\" name=\"_wpcf7_posted_data_hash\" value=\"\" \/>\n<\/fieldset>\n<div class=\"cf7-col-row\">\n\t<div class=\"cf7-col\">\n\t\t<p><span class=\"wpcf7-form-control-wrap\" data-name=\"first-name\"><input size=\"40\" maxlength=\"400\" class=\"wpcf7-form-control wpcf7-text wpcf7-validates-as-required\" aria-required=\"true\" aria-invalid=\"false\" placeholder=\"Pr\u00e9nom\" value=\"\" type=\"text\" name=\"first-name\" \/><\/span>\n\t\t<\/p>\n\t<\/div>\n\t<div class=\"cf7-col\">\n\t\t<p><span class=\"wpcf7-form-control-wrap\" data-name=\"last-name\"><input size=\"40\" maxlength=\"400\" class=\"wpcf7-form-control wpcf7-text wpcf7-validates-as-required\" aria-required=\"true\" aria-invalid=\"false\" placeholder=\"Nom\" value=\"\" type=\"text\" name=\"last-name\" \/><\/span>\n\t\t<\/p>\n\t<\/div>\n<\/div>\n<div class=\"cf7-col-row\">\n\t<div class=\"cf7-col\">\n\t\t<p><span class=\"wpcf7-form-control-wrap\" data-name=\"your-email\"><input size=\"40\" maxlength=\"400\" class=\"wpcf7-form-control wpcf7-email wpcf7-validates-as-required wpcf7-text wpcf7-validates-as-email\" aria-required=\"true\" aria-invalid=\"false\" placeholder=\"Votre email\" value=\"\" type=\"email\" name=\"your-email\" \/><\/span>\n\t\t<\/p>\n\t<\/div>\n\t<div class=\"cf7-col\">\n\t\t<p><span class=\"wpcf7-form-control-wrap\" data-name=\"phone-number\"><input size=\"40\" maxlength=\"400\" class=\"wpcf7-form-control wpcf7-text\" aria-invalid=\"false\" placeholder=\"Num\u00e9ro de t\u00e9l\u00e9phone\" value=\"\" type=\"text\" name=\"phone-number\" \/><\/span>\n\t\t<\/p>\n\t<\/div>\n<\/div>\n<p><span class=\"wpcf7-form-control-wrap\" data-name=\"message\"><textarea cols=\"40\" rows=\"10\" maxlength=\"2000\" class=\"wpcf7-form-control wpcf7-textarea wpcf7-validates-as-required\" aria-required=\"true\" aria-invalid=\"false\" placeholder=\"Message\" name=\"message\"><\/textarea><\/span>\n<\/p>\n<div class=\"text-left\">\n\t<p><input class=\"wpcf7-form-control wpcf7-submit has-spinner\" type=\"submit\" value=\"Soumettre\" \/>\n\t<\/p>\n<\/div><div class=\"wpcf7-response-output\" aria-hidden=\"true\"><\/div>\n<\/form>\n<\/div>\n<\/div>\t\t<\/div>\n\t\t\t\t<\/div>\n\t\t\t\t\t<\/div>\n\t\t<\/div>\n\t\t\t\t\t<\/div>\n\t\t<\/section>\n\t\t\t\t\t<\/div>\n\t\t<\/div>\n\t\t\t\t\t<\/div>\n\t\t<\/section>\n\t\t\t\t<section class=\"elementor-section elementor-top-section elementor-element elementor-element-1eb1aaaa elementor-section-boxed elementor-section-height-default elementor-section-height-default\" data-id=\"1eb1aaaa\" data-element_type=\"section\" data-settings=\"{&quot;background_background&quot;:&quot;classic&quot;}\">\n\t\t\t\t\t\t<div class=\"elementor-container elementor-column-gap-default\">\n\t\t\t\t\t<div class=\"elementor-column elementor-col-100 elementor-top-column elementor-element elementor-element-f4d9f07\" data-id=\"f4d9f07\" data-element_type=\"column\">\n\t\t\t<div class=\"elementor-widget-wrap elementor-element-populated\">\n\t\t\t\t\t\t<div class=\"elementor-element elementor-element-43f89b65 elementor-widget elementor-widget-sc-heading\" data-id=\"43f89b65\" data-element_type=\"widget\" data-widget_type=\"sc-heading.default\">\n\t\t\t\t<div class=\"elementor-widget-container\">\n\t\t\t\t\t<div id=\"wt-at-43f89b65\" class=\"headng-wrap center\">\r\n\t\t\t<div class=\"section-heading\">\r\n\t\t\t\t\t\t\t\t\t\t\t<h2\t\t\t\t class=\"heading\"\t\t\t\t>Our partners<\/h2>\r\n\t\t\t\t\t\t\t\t\t\t\t<\/div>\r\n\t\t<\/div>\r\n\r\n\t\t\t<\/div>\n\t\t\t\t<\/div>\n\t\t\t\t<div class=\"elementor-element elementor-element-1725a802 elementor-arrows-position-inside elementor-widget elementor-widget-image-carousel\" data-id=\"1725a802\" data-element_type=\"widget\" data-settings=\"{&quot;slides_to_show&quot;:&quot;6&quot;,&quot;navigation&quot;:&quot;arrows&quot;,&quot;slides_to_show_tablet&quot;:&quot;4&quot;,&quot;autoplay&quot;:&quot;yes&quot;,&quot;pause_on_hover&quot;:&quot;yes&quot;,&quot;pause_on_interaction&quot;:&quot;yes&quot;,&quot;autoplay_speed&quot;:5000,&quot;infinite&quot;:&quot;yes&quot;,&quot;speed&quot;:500}\" data-widget_type=\"image-carousel.default\">\n\t\t\t\t<div class=\"elementor-widget-container\">\n\t\t\t\t\t<div class=\"elementor-image-carousel-wrapper swiper\" dir=\"ltr\">\n\t\t\t<div class=\"elementor-image-carousel swiper-wrapper\" aria-live=\"off\">\n\t\t\t\t\t\t\t\t<div class=\"swiper-slide\" role=\"group\" aria-roledescription=\"slide\" aria-label=\"1 of 9\"><figure class=\"swiper-slide-inner\"><img decoding=\"async\" class=\"swiper-slide-image\" src=\"https:\/\/transporttingis.ma\/en\/wp-content\/uploads\/2022\/09\/cgem-logo-150x150.png\" alt=\"cgem logo\" \/><\/figure><\/div><div class=\"swiper-slide\" role=\"group\" aria-roledescription=\"slide\" aria-label=\"2 of 9\"><figure class=\"swiper-slide-inner\"><img decoding=\"async\" class=\"swiper-slide-image\" src=\"https:\/\/transporttingis.ma\/en\/wp-content\/uploads\/2022\/09\/adus-logo-150x150.png\" alt=\"adus logo\" \/><\/figure><\/div><div class=\"swiper-slide\" role=\"group\" aria-roledescription=\"slide\" aria-label=\"3 of 9\"><figure class=\"swiper-slide-inner\"><img decoding=\"async\" class=\"swiper-slide-image\" src=\"https:\/\/transporttingis.ma\/en\/wp-content\/uploads\/2022\/09\/logo-matu-150x150.png\" alt=\"logo matu\" \/><\/figure><\/div><div class=\"swiper-slide\" role=\"group\" aria-roledescription=\"slide\" aria-label=\"4 of 9\"><figure class=\"swiper-slide-inner\"><img decoding=\"async\" class=\"swiper-slide-image\" src=\"https:\/\/transporttingis.ma\/en\/wp-content\/uploads\/2022\/09\/ontdcp-logo-150x150.png\" alt=\"ontdcp logo\" \/><\/figure><\/div><div class=\"swiper-slide\" role=\"group\" aria-roledescription=\"slide\" aria-label=\"5 of 9\"><figure class=\"swiper-slide-inner\"><img decoding=\"async\" class=\"swiper-slide-image\" src=\"https:\/\/transporttingis.ma\/en\/wp-content\/uploads\/2022\/12\/mondi-logo-150x150.png\" alt=\"mondi-logo\" \/><\/figure><\/div><div class=\"swiper-slide\" role=\"group\" aria-roledescription=\"slide\" aria-label=\"6 of 9\"><figure class=\"swiper-slide-inner\"><img decoding=\"async\" class=\"swiper-slide-image\" src=\"https:\/\/transporttingis.ma\/en\/wp-content\/uploads\/2022\/09\/med5-tanger-150x150.png\" alt=\"med5 tanger\" \/><\/figure><\/div><div class=\"swiper-slide\" role=\"group\" aria-roledescription=\"slide\" aria-label=\"7 of 9\"><figure class=\"swiper-slide-inner\"><img decoding=\"async\" class=\"swiper-slide-image\" src=\"https:\/\/transporttingis.ma\/en\/wp-content\/uploads\/2022\/09\/wilaya-tetouan-150x150.png\" alt=\"wilaya tetouan\" \/><\/figure><\/div><div class=\"swiper-slide\" role=\"group\" aria-roledescription=\"slide\" aria-label=\"8 of 9\"><figure class=\"swiper-slide-inner\"><img decoding=\"async\" class=\"swiper-slide-image\" src=\"https:\/\/transporttingis.ma\/en\/wp-content\/uploads\/2022\/09\/Sd-protect-150x150.png\" alt=\"Sd protect\" \/><\/figure><\/div><div class=\"swiper-slide\" role=\"group\" aria-roledescription=\"slide\" aria-label=\"9 of 9\"><figure class=\"swiper-slide-inner\"><img decoding=\"async\" class=\"swiper-slide-image\" src=\"https:\/\/transporttingis.ma\/en\/wp-content\/uploads\/2022\/09\/SDFM-logo-150x150.png\" alt=\"SDFM logo\" \/><\/figure><\/div>\t\t\t<\/div>\n\t\t\t\t\t\t\t\t\t\t\t\t<div class=\"elementor-swiper-button elementor-swiper-button-prev\" role=\"button\" tabindex=\"0\">\n\t\t\t\t\t\t<i aria-hidden=\"true\" class=\"eicon-chevron-left\"><\/i>\t\t\t\t\t<\/div>\n\t\t\t\t\t<div class=\"elementor-swiper-button elementor-swiper-button-next\" role=\"button\" tabindex=\"0\">\n\t\t\t\t\t\t<i aria-hidden=\"true\" class=\"eicon-chevron-right\"><\/i>\t\t\t\t\t<\/div>\n\t\t\t\t\n\t\t\t\t\t\t\t\t\t<\/div>\n\t\t\t\t<\/div>\n\t\t\t\t<\/div>\n\t\t\t\t\t<\/div>\n\t\t<\/div>\n\t\t\t\t\t<\/div>\n\t\t<\/section>\n\t\t\t\t<\/div>\n\t\t","protected":false},"excerpt":{"rendered":"<p>Our contact details Residence Assedk, corner Apartment N \u00b0 47\/114 4th floor streets Lahore &#038; Sayed Kotb Tangier info@transporttingis.ma +212 660 45 20 85 Opening hours 24H\/24H &#8211; 7 days a week Let&#8217;s talk about your project: Let&#8217;s talk about your project: Our partners<\/p>\n","protected":false},"author":1,"featured_media":0,"parent":0,"menu_order":0,"comment_status":"closed","ping_status":"closed","template":"empty-template.php","meta":{"om_disable_all_campaigns":false,"footnotes":""},"class_list":["post-2234","page","type-page","status-publish","hentry"],"yoast_head":"<!-- This site is optimized with the Yoast SEO plugin v26.1.1 - https:\/\/yoast.com\/wordpress\/plugins\/seo\/ -->\n<title>Contact us - Transport Tingis - transport of personnel Tangier<\/title>\n<meta name=\"robots\" content=\"index, follow, max-snippet:-1, max-image-preview:large, max-video-preview:-1\" \/>\n<link rel=\"canonical\" href=\"https:\/\/transporttingis.ma\/en\/contact-us\/\" \/>\n<meta property=\"og:locale\" content=\"en_US\" \/>\n<meta property=\"og:type\" content=\"article\" \/>\n<meta property=\"og:title\" content=\"Contact us - Transport Tingis - transport of personnel Tangier\" \/>\n<meta property=\"og:description\" content=\"Our contact details Residence Assedk, corner Apartment N \u00b0 47\/114 4th floor streets Lahore &#038; Sayed Kotb Tangier info@transporttingis.ma +212 660 45 20 85 Opening hours 24H\/24H &#8211; 7 days a week Let&#8217;s talk about your project: Let&#8217;s talk about your project: Our partners\" \/>\n<meta property=\"og:url\" content=\"https:\/\/transporttingis.ma\/en\/contact-us\/\" \/>\n<meta property=\"og:site_name\" content=\"Transport Tingis - transport of personnel Tangier\" \/>\n<meta property=\"article:modified_time\" content=\"2025-10-13T16:50:19+00:00\" \/>\n<meta property=\"og:image\" content=\"https:\/\/transporttingis.ma\/en\/wp-content\/uploads\/2022\/09\/cgem-logo-150x150.png\" \/>\n<meta name=\"twitter:card\" content=\"summary_large_image\" \/>\n<meta name=\"twitter:label1\" content=\"Est. reading time\" \/>\n\t<meta name=\"twitter:data1\" content=\"5 minutes\" \/>\n<script type=\"application\/ld+json\" class=\"yoast-schema-graph\">{\"@context\":\"https:\/\/schema.org\",\"@graph\":[{\"@type\":\"WebPage\",\"@id\":\"https:\/\/transporttingis.ma\/en\/contact-us\/\",\"url\":\"https:\/\/transporttingis.ma\/en\/contact-us\/\",\"name\":\"Contact us - Transport Tingis - transport of personnel Tangier\",\"isPartOf\":{\"@id\":\"https:\/\/transporttingis.ma\/en\/#website\"},\"primaryImageOfPage\":{\"@id\":\"https:\/\/transporttingis.ma\/en\/contact-us\/#primaryimage\"},\"image\":{\"@id\":\"https:\/\/transporttingis.ma\/en\/contact-us\/#primaryimage\"},\"thumbnailUrl\":\"https:\/\/transporttingis.ma\/en\/wp-content\/uploads\/2022\/09\/cgem-logo-150x150.png\",\"datePublished\":\"2022-09-19T17:51:42+00:00\",\"dateModified\":\"2025-10-13T16:50:19+00:00\",\"breadcrumb\":{\"@id\":\"https:\/\/transporttingis.ma\/en\/contact-us\/#breadcrumb\"},\"inLanguage\":\"en-CA\",\"potentialAction\":[{\"@type\":\"ReadAction\",\"target\":[\"https:\/\/transporttingis.ma\/en\/contact-us\/\"]}]},{\"@type\":\"ImageObject\",\"inLanguage\":\"en-CA\",\"@id\":\"https:\/\/transporttingis.ma\/en\/contact-us\/#primaryimage\",\"url\":\"https:\/\/transporttingis.ma\/en\/wp-content\/uploads\/2022\/09\/cgem-logo.png\",\"contentUrl\":\"https:\/\/transporttingis.ma\/en\/wp-content\/uploads\/2022\/09\/cgem-logo.png\",\"width\":500,\"height\":500},{\"@type\":\"BreadcrumbList\",\"@id\":\"https:\/\/transporttingis.ma\/en\/contact-us\/#breadcrumb\",\"itemListElement\":[{\"@type\":\"ListItem\",\"position\":1,\"name\":\"Home\",\"item\":\"https:\/\/transporttingis.ma\/en\/\"},{\"@type\":\"ListItem\",\"position\":2,\"name\":\"Contact us\"}]},{\"@type\":\"WebSite\",\"@id\":\"https:\/\/transporttingis.ma\/en\/#website\",\"url\":\"https:\/\/transporttingis.ma\/en\/\",\"name\":\"Transport Tingis - transport of personnel Tangier\",\"description\":\"Best personnel transport in Tangier\",\"publisher\":{\"@id\":\"https:\/\/transporttingis.ma\/en\/#organization\"},\"potentialAction\":[{\"@type\":\"SearchAction\",\"target\":{\"@type\":\"EntryPoint\",\"urlTemplate\":\"https:\/\/transporttingis.ma\/en\/?s={search_term_string}\"},\"query-input\":{\"@type\":\"PropertyValueSpecification\",\"valueRequired\":true,\"valueName\":\"search_term_string\"}}],\"inLanguage\":\"en-CA\"},{\"@type\":\"Organization\",\"@id\":\"https:\/\/transporttingis.ma\/en\/#organization\",\"name\":\"Transport personnel Tanger\",\"url\":\"https:\/\/transporttingis.ma\/en\/\",\"logo\":{\"@type\":\"ImageObject\",\"inLanguage\":\"en-CA\",\"@id\":\"https:\/\/transporttingis.ma\/en\/#\/schema\/logo\/image\/\",\"url\":\"https:\/\/transporttingis.ma\/en\/wp-content\/uploads\/2022\/09\/cropped-cropped-logo-GTtingis-800px.png\",\"contentUrl\":\"https:\/\/transporttingis.ma\/en\/wp-content\/uploads\/2022\/09\/cropped-cropped-logo-GTtingis-800px.png\",\"width\":810,\"height\":239,\"caption\":\"Transport personnel Tanger\"},\"image\":{\"@id\":\"https:\/\/transporttingis.ma\/en\/#\/schema\/logo\/image\/\"}}]}<\/script>\n<!-- \/ Yoast SEO plugin. -->","yoast_head_json":{"title":"Contact us - Transport Tingis - transport of personnel Tangier","robots":{"index":"index","follow":"follow","max-snippet":"max-snippet:-1","max-image-preview":"max-image-preview:large","max-video-preview":"max-video-preview:-1"},"canonical":"https:\/\/transporttingis.ma\/en\/contact-us\/","og_locale":"en_US","og_type":"article","og_title":"Contact us - Transport Tingis - transport of personnel Tangier","og_description":"Our contact details Residence Assedk, corner Apartment N \u00b0 47\/114 4th floor streets Lahore &#038; Sayed Kotb Tangier info@transporttingis.ma +212 660 45 20 85 Opening hours 24H\/24H &#8211; 7 days a week Let&#8217;s talk about your project: Let&#8217;s talk about your project: Our partners","og_url":"https:\/\/transporttingis.ma\/en\/contact-us\/","og_site_name":"Transport Tingis - transport of personnel Tangier","article_modified_time":"2025-10-13T16:50:19+00:00","og_image":[{"url":"https:\/\/transporttingis.ma\/en\/wp-content\/uploads\/2022\/09\/cgem-logo-150x150.png","type":"","width":"","height":""}],"twitter_card":"summary_large_image","twitter_misc":{"Est. reading time":"5 minutes"},"schema":{"@context":"https:\/\/schema.org","@graph":[{"@type":"WebPage","@id":"https:\/\/transporttingis.ma\/en\/contact-us\/","url":"https:\/\/transporttingis.ma\/en\/contact-us\/","name":"Contact us - Transport Tingis - transport of personnel Tangier","isPartOf":{"@id":"https:\/\/transporttingis.ma\/en\/#website"},"primaryImageOfPage":{"@id":"https:\/\/transporttingis.ma\/en\/contact-us\/#primaryimage"},"image":{"@id":"https:\/\/transporttingis.ma\/en\/contact-us\/#primaryimage"},"thumbnailUrl":"https:\/\/transporttingis.ma\/en\/wp-content\/uploads\/2022\/09\/cgem-logo-150x150.png","datePublished":"2022-09-19T17:51:42+00:00","dateModified":"2025-10-13T16:50:19+00:00","breadcrumb":{"@id":"https:\/\/transporttingis.ma\/en\/contact-us\/#breadcrumb"},"inLanguage":"en-CA","potentialAction":[{"@type":"ReadAction","target":["https:\/\/transporttingis.ma\/en\/contact-us\/"]}]},{"@type":"ImageObject","inLanguage":"en-CA","@id":"https:\/\/transporttingis.ma\/en\/contact-us\/#primaryimage","url":"https:\/\/transporttingis.ma\/en\/wp-content\/uploads\/2022\/09\/cgem-logo.png","contentUrl":"https:\/\/transporttingis.ma\/en\/wp-content\/uploads\/2022\/09\/cgem-logo.png","width":500,"height":500},{"@type":"BreadcrumbList","@id":"https:\/\/transporttingis.ma\/en\/contact-us\/#breadcrumb","itemListElement":[{"@type":"ListItem","position":1,"name":"Home","item":"https:\/\/transporttingis.ma\/en\/"},{"@type":"ListItem","position":2,"name":"Contact us"}]},{"@type":"WebSite","@id":"https:\/\/transporttingis.ma\/en\/#website","url":"https:\/\/transporttingis.ma\/en\/","name":"Transport Tingis - transport of personnel Tangier","description":"Best personnel transport in Tangier","publisher":{"@id":"https:\/\/transporttingis.ma\/en\/#organization"},"potentialAction":[{"@type":"SearchAction","target":{"@type":"EntryPoint","urlTemplate":"https:\/\/transporttingis.ma\/en\/?s={search_term_string}"},"query-input":{"@type":"PropertyValueSpecification","valueRequired":true,"valueName":"search_term_string"}}],"inLanguage":"en-CA"},{"@type":"Organization","@id":"https:\/\/transporttingis.ma\/en\/#organization","name":"Transport personnel Tanger","url":"https:\/\/transporttingis.ma\/en\/","logo":{"@type":"ImageObject","inLanguage":"en-CA","@id":"https:\/\/transporttingis.ma\/en\/#\/schema\/logo\/image\/","url":"https:\/\/transporttingis.ma\/en\/wp-content\/uploads\/2022\/09\/cropped-cropped-logo-GTtingis-800px.png","contentUrl":"https:\/\/transporttingis.ma\/en\/wp-content\/uploads\/2022\/09\/cropped-cropped-logo-GTtingis-800px.png","width":810,"height":239,"caption":"Transport personnel Tanger"},"image":{"@id":"https:\/\/transporttingis.ma\/en\/#\/schema\/logo\/image\/"}}]}},"_links":{"self":[{"href":"https:\/\/transporttingis.ma\/en\/wp-json\/wp\/v2\/pages\/2234","targetHints":{"allow":["GET"]}}],"collection":[{"href":"https:\/\/transporttingis.ma\/en\/wp-json\/wp\/v2\/pages"}],"about":[{"href":"https:\/\/transporttingis.ma\/en\/wp-json\/wp\/v2\/types\/page"}],"author":[{"embeddable":true,"href":"https:\/\/transporttingis.ma\/en\/wp-json\/wp\/v2\/users\/1"}],"replies":[{"embeddable":true,"href":"https:\/\/transporttingis.ma\/en\/wp-json\/wp\/v2\/comments?post=2234"}],"version-history":[{"count":40,"href":"https:\/\/transporttingis.ma\/en\/wp-json\/wp\/v2\/pages\/2234\/revisions"}],"predecessor-version":[{"id":2593,"href":"https:\/\/transporttingis.ma\/en\/wp-json\/wp\/v2\/pages\/2234\/revisions\/2593"}],"wp:attachment":[{"href":"https:\/\/transporttingis.ma\/en\/wp-json\/wp\/v2\/media?parent=2234"}],"curies":[{"name":"wp","href":"https:\/\/api.w.org\/{rel}","templated":true}]}}